{"id":131,"date":"2024-12-17T18:32:19","date_gmt":"2024-12-17T16:32:19","guid":{"rendered":"https:\/\/svevada.lv\/?page_id=131"},"modified":"2025-10-01T12:29:47","modified_gmt":"2025-10-01T10:29:47","slug":"par-mums","status":"publish","type":"page","link":"https:\/\/svevada.lv\/ru\/par-mums\/","title":{"rendered":"\u041e \u043d\u0430\u0441"},"content":{"rendered":"<div data-elementor-type=\"wp-page\" data-elementor-id=\"131\" class=\"elementor elementor-131\" data-elementor-settings=\"{&quot;ha_cmc_init_switcher&quot;:&quot;no&quot;}\" data-elementor-post-type=\"page\">\n\t\t\t\t<div class=\"elementor-element elementor-element-b9a4b3e e-flex e-con-boxed e-con e-parent\" data-id=\"b9a4b3e\" data-element_type=\"container\" data-settings=\"{&quot;_ha_eqh_enable&quot;:false}\">\n\t\t\t\t\t<div class=\"e-con-inner\">\n\t\t\t\t<div class=\"elementor-element elementor-element-acc6ee2 elementor-widget elementor-widget-spacer\" data-id=\"acc6ee2\" data-element_type=\"widget\" data-widget_type=\"spacer.default\">\n\t\t\t\t<div class=\"elementor-widget-container\">\n\t\t\t\t\t\t\t<div class=\"elementor-spacer\">\n\t\t\t<div class=\"elementor-spacer-inner\"><\/div>\n\t\t<\/div>\n\t\t\t\t\t\t<\/div>\n\t\t\t\t<\/div>\n\t\t\t\t<div class=\"elementor-element elementor-element-7608e2b elementor-widget elementor-widget-heading\" data-id=\"7608e2b\" data-element_type=\"widget\" data-widget_type=\"heading.default\">\n\t\t\t\t<div class=\"elementor-widget-container\">\n\t\t\t\t\t<h2 class=\"elementor-heading-title elementor-size-default\">\u041e \u043d\u0430\u0441<\/h2>\t\t\t\t<\/div>\n\t\t\t\t<\/div>\n\t\t\t\t<div class=\"elementor-element elementor-element-70d983c elementor-hidden-desktop elementor-hidden-tablet elementor-hidden-mobile elementor-widget elementor-widget-text-editor\" data-id=\"70d983c\" data-element_type=\"widget\" data-widget_type=\"text-editor.default\">\n\t\t\t\t<div class=\"elementor-widget-container\">\n\t\t\t\t\t\t\t\t\t<p id=\"m_6014653644465112442mt-result-9_2ac1c0f447171706f7f12ca5aa884a11\"><em>Kop\u0161\u00a02003.\u00a0gada\u00a0m\u016bsu\u00a0firma\u00a0<wbr \/>nodarbojas\u00a0ar\u00a0met\u0101la\u00a0<wbr \/>durvju izgatavo\u0161anu un\u00a0<wbr \/>uzst\u0101d\u012b\u0161anu.<\/em><\/p><p id=\"m_6014653644465112442mt-result-10_43788459393e6bdbf7a04d7633533b95\"><em>M\u016bsu\u00a0vado\u0161ie\u00a0speci\u0101listi\u00a0ar\u00a0<wbr \/>mums\u00a0str\u0101d\u0101\u00a0jau\u00a0vair\u0101k\u00a0nek\u0101\u00a0<wbr \/>20 gadus, kop\u0161 firmas\u00a0<wbr \/>atv\u0113r\u0161anas\u00a0un\u00a0tiek\u00a0nov\u0113rt\u0113ti\u00a0<wbr \/>ar savu lielo pieredzi un\u00a0<wbr \/>profesionalit\u0101ti.<\/em><\/p><p id=\"m_6014653644465112442mt-result-11_3be325c5ea63a0bd8f6edce6a8c7b2fa\"><em>M\u0113s\u00a0konstru\u0113sim\u00a0un\u00a0<wbr \/>izgatavosim\u00a0durvis\u00a0<wbr \/>individu\u0101li\u00a0p\u0113c\u00a0<wbr \/>j\u016bsu vajadz\u012bb\u0101m un v\u0113lm\u0113m.<\/em><\/p><p id=\"m_6014653644465112442mt-result-12_32d52e1069d46cdb47e5f96583185af2\"><em>M\u016bsu\u00a0met\u0101la\u00a0durvis\u00a0ir\u00a0miers,\u00a0<wbr \/>klusums un m\u0101j\u012bgums j\u016bsu m\u0101jai.<\/em><\/p><p id=\"m_6014653644465112442mt-result-13_ecb31337711a969873a29734faaa30f7\"><em>Labas\u00a0durvis\u00a0nav\u00a0tikai\u00a0met\u0101la\u00a0<wbr \/>gabals.\u00a0<\/em><\/p><p><em>T\u0101\u00a0ir\u00a0smaga\u00a0pastiprin\u0101ta\u00a0<wbr \/>met\u0101la\u00a0konstrukcija\u00a0ar\u00a0<wbr \/>labusiltin\u0101jumu,\u00a0trok\u0161\u0146u\u00a0<wbr \/>izol\u0101ciju,\u00a0J\u016bsu\u00a0izv\u0113l\u0113tu\u00a0<wbr \/>apdari\u00a0unkomplekt\u0113ta\u00a0ar\u00a0<wbr \/>sl\u0113dzen\u0113m\u00a0p\u0113c\u00a0J\u016bsu\u00a0v\u0113l\u0113\u0161an\u0101s.<\/em><\/p><p><em><strong>K\u0101p\u0113c\u00a0izv\u0113las\u00a0Svevadu?<\/strong><\/em><\/p><p id=\"m_-5561359418123606978mt-result-1_8a545436c2791cb27970440cbce58b37\"><em>Viet\u0113j\u0101\u00a0ra\u017eotne:\u00a0\u0101tra\u00a0<wbr \/>pas\u016bt\u012bjumu\u00a0izpilde,\u00a0<wbr \/>pateicoties\u00a0pa\u0161ara\u017eotnes\u00a0<wbr \/>esam\u012bbai.<\/em><\/p><p id=\"m_-5561359418123606978mt-result-13_ecb31337711a969873a29734faaa30f7\"><em>Materi\u0101lu\u00a0kvalit\u0101te:\u00a0<wbr \/>izmantojam\u00a0tikai\u00a0p\u0101rbaud\u012btus\u00a0<wbr \/>unsertific\u0113tus\u00a0materi\u0101lus.<\/em><\/p><p id=\"m_-5561359418123606978mt-result-14_b5550ea9c9cf18294617323f58d3a18b\"><em>Individu\u0101la\u00a0pieeja:\u00a0<wbr \/>izstr\u0101d\u0101jam\u00a0konstrukcijas\u00a0p\u0113c\u00a0<wbr \/>J\u016bsupiepras\u012bjumiem.<\/em><\/p><p id=\"m_-5561359418123606978mt-result-15_304ed7c19e0c68e3e5c89b765c5d1a33\"><em>Dro\u0161\u012bbas\u00a0garantija:\u00a0dodam\u00a0<wbr \/>garantijas\u00a0visai\u00a0produkcijai\u00a0<wbr \/>unpakalpojumiem.<\/em><\/p><p id=\"m_-5561359418123606978mt-result-16_8a72f25bf3ffcd076a9fc85df03d811d\"><em>M\u0113s\u00a0Svevada\u00a0esam\u00a0p\u0101rliecin\u0101ti,<wbr \/>\u00a0ka\u00a0katrai\u00a0deta\u013cai\u00a0ir\u00a0noz\u012bme.<wbr \/>M\u016bsu\u00a0misija\u00a0ir\u00a0aizsarg\u0101t\u00a0j\u016bsu\u00a0<wbr \/>komfortu\u00a0un\u00a0dro\u0161\u012bbu,\u00a0<wbr \/>radotizstr\u0101d\u0101jumus,\u00a0kas\u00a0kalpo\u00a0<wbr \/>ilgus\u00a0gadus.<\/em><\/p><p id=\"m_-5561359418123606978mt-result-18_734b09168350ea3e0879e63d80b681f9\"><em>Svevada\u00a0ir\u00a0j\u016bsu\u00a0uzticams\u00a0<wbr \/>partneris\u00a0met\u0101la\u00a0risin\u0101jumu\u00a0<wbr \/>pasaul\u0113.<\/em><\/p>\t\t\t\t\t\t\t\t<\/div>\n\t\t\t\t<\/div>\n\t\t\t\t<div class=\"elementor-element elementor-element-47277dc elementor-widget elementor-widget-text-editor\" data-id=\"47277dc\" data-element_type=\"widget\" data-widget_type=\"text-editor.default\">\n\t\t\t\t<div class=\"elementor-widget-container\">\n\t\t\t\t\t\t\t\t\t<p>\u041a\u043e\u043c\u043f\u0430\u043d\u0438\u044f Svevada \u2014 \u0432\u0435\u0434\u0443\u0449\u0438\u0439 \u043f\u0440\u043e\u0438\u0437\u0432\u043e\u0434\u0438\u0442\u0435\u043b\u044c \u043c\u0435\u0442\u0430\u043b\u043b\u0438\u0447\u0435\u0441\u043a\u0438\u0445 \u0434\u0432\u0435\u0440\u0435\u0439 \u0432 \u041b\u0430\u0442\u0432\u0438\u0438. \u041c\u044b \u043f\u0440\u0435\u0434\u043b\u0430\u0433\u0430\u0435\u043c \u0448\u0438\u0440\u043e\u043a\u0438\u0439 \u0432\u044b\u0431\u043e\u0440 \u0441\u0442\u0430\u043b\u044c\u043d\u044b\u0445 \u0434\u0432\u0435\u0440\u0435\u0439 \u043d\u0430 \u0437\u0430\u043a\u0430\u0437: \u0432\u0445\u043e\u0434\u043d\u044b\u0435 \u0434\u0432\u0435\u0440\u0438 \u0434\u043b\u044f \u043a\u0432\u0430\u0440\u0442\u0438\u0440, \u0434\u043e\u043c\u043e\u0432 \u0438 \u043a\u043e\u043c\u043c\u0435\u0440\u0447\u0435\u0441\u043a\u0438\u0445 \u043f\u043e\u043c\u0435\u0449\u0435\u043d\u0438\u0439. \u041d\u0430\u0448\u0430 \u043f\u0440\u043e\u0434\u0443\u043a\u0446\u0438\u044f \u043e\u0442\u043b\u0438\u0447\u0430\u0435\u0442\u0441\u044f \u0432\u044b\u0441\u043e\u043a\u043e\u0439 \u043d\u0430\u0434\u0451\u0436\u043d\u043e\u0441\u0442\u044c\u044e, \u0441\u043e\u0432\u0440\u0435\u043c\u0435\u043d\u043d\u044b\u043c \u0434\u0438\u0437\u0430\u0439\u043d\u043e\u043c, \u0448\u0443\u043c\u043e- \u0438 \u0442\u0435\u043f\u043b\u043e\u0438\u0437\u043e\u043b\u044f\u0446\u0438\u0435\u0439, \u0430 \u0442\u0430\u043a\u0436\u0435 \u043f\u0440\u043e\u0447\u043d\u043e\u0441\u0442\u044c\u044e \u0438 \u0434\u043e\u043b\u0433\u043e\u0432\u0435\u0447\u043d\u043e\u0441\u0442\u044c\u044e. \u0418\u0437\u0433\u043e\u0442\u043e\u0432\u043b\u0435\u043d\u0438\u0435 \u0434\u0432\u0435\u0440\u0435\u0439 \u0441 \u0443\u0447\u0451\u0442\u043e\u043c \u0438\u043d\u0434\u0438\u0432\u0438\u0434\u0443\u0430\u043b\u044c\u043d\u044b\u0445 \u043f\u043e\u0436\u0435\u043b\u0430\u043d\u0438\u0439 \u043a\u043b\u0438\u0435\u043d\u0442\u0430, \u0434\u043e\u0441\u0442\u0430\u0432\u043a\u0430 \u0438 \u0443\u0441\u0442\u0430\u043d\u043e\u0432\u043a\u0430 \u043f\u043e \u0432\u0441\u0435\u0439 \u041b\u0430\u0442\u0432\u0438\u0438. Svevada \u2014 \u044d\u0442\u043e \u0433\u0430\u0440\u0430\u043d\u0442\u0438\u044f \u043a\u0430\u0447\u0435\u0441\u0442\u0432\u0430, \u0431\u0435\u0437\u043e\u043f\u0430\u0441\u043d\u043e\u0441\u0442\u0438 \u0438 \u0441\u0442\u0438\u043b\u044c\u043d\u043e\u0433\u043e \u0432\u043d\u0435\u0448\u043d\u0435\u0433\u043e \u0432\u0438\u0434\u0430. \u0417\u0430\u043a\u0430\u0436\u0438\u0442\u0435 \u043c\u0435\u0442\u0430\u043b\u043b\u0438\u0447\u0435\u0441\u043a\u0438\u0435 \u0434\u0432\u0435\u0440\u0438, \u043a\u043e\u0442\u043e\u0440\u044b\u0435 \u0431\u0443\u0434\u0443\u0442 \u0441\u043b\u0443\u0436\u0438\u0442\u044c \u0432\u0430\u043c \u0434\u043e\u043b\u0433\u0438\u0435 \u0433\u043e\u0434\u044b! \u041c\u0435\u0442\u0430\u043b\u043b\u0438\u0447\u0435\u0441\u043a\u0438\u0435 \u0434\u0432\u0435\u0440\u0438: \u0441\u0442\u0430\u043b\u044c\u043d\u044b\u0435, \u0436\u0435\u043b\u0435\u0437\u043d\u044b\u0435, \u0443\u043b\u0438\u0447\u043d\u044b\u0435, \u0434\u043b\u044f \u0434\u043e\u043c\u0430, \u043a\u0432\u0430\u0440\u0442\u0438\u0440\u044b, \u043a\u043e\u0442\u0435\u043b\u044c\u043d\u043e\u0439, \u043f\u043e\u0434\u0432\u0430\u043b\u0430, \u043f\u043e\u0434\u044a\u0435\u0437\u0434\u0430, \u0433\u0430\u0440\u0430\u0436\u043d\u044b\u0445 \u0432\u043e\u0440\u043e\u0442, \u043e\u0433\u043d\u0435\u0441\u0442\u043e\u0439\u043a\u0438\u0435, \u0443\u0441\u0438\u043b\u0435\u043d\u043d\u044b\u0435, \u0443\u0442\u0435\u043f\u043b\u0451\u043d\u043d\u044b\u0435, \u0441 \u0442\u0435\u0440\u043c\u043e\u0440\u0430\u0437\u0440\u044b\u0432\u043e\u043c. \u0422\u043e\u043b\u0449\u0438\u043d\u0430 \u043c\u0435\u0442\u0430\u043b\u043b\u0430 1,5\u20132 \u043c\u043c, \u0440\u0451\u0431\u0440\u0430 \u0436\u0451\u0441\u0442\u043a\u043e\u0441\u0442\u0438. \u0423\u0442\u0435\u043f\u043b\u0438\u0442\u0435\u043b\u044c: \u043a\u0430\u043c\u0435\u043d\u043d\u0430\u044f \u0432\u0430\u0442\u0430, \u0432\u0438\u0431\u0440\u043e\u043f\u043b\u0430\u0441\u0442. \u041e\u0442\u0434\u0435\u043b\u043a\u0430: \u043b\u0430\u043c\u0438\u043d\u0438\u0440\u043e\u0432\u0430\u043d\u043d\u0430\u044f \u043f\u043b\u0451\u043d\u043a\u0430, \u041c\u0414\u0424-\u043f\u0430\u043d\u0435\u043b\u044c, \u043f\u043e\u0440\u043e\u0448\u043a\u043e\u0432\u0430\u044f \u043e\u043a\u0440\u0430\u0441\u043a\u0430. \u041a\u043e\u043d\u0441\u0442\u0440\u0443\u043a\u0446\u0438\u044f: \u0441\u0432\u0430\u0440\u043d\u0430\u044f, \u0433\u043d\u0443\u0442\u0430\u044f, \u0441\u0432\u0430\u0440\u043d\u043e-\u0433\u043d\u0443\u0442\u0430\u044f. \u0422\u0451\u043f\u043b\u044b\u0435, \u0431\u0435\u0437\u043e\u043f\u0430\u0441\u043d\u044b\u0435, \u0432\u0437\u043b\u043e\u043c\u043e\u0441\u0442\u043e\u0439\u043a\u0438\u0435 \u0434\u0432\u0435\u0440\u0438.<\/p>\t\t\t\t\t\t\t\t<\/div>\n\t\t\t\t<\/div>\n\t\t\t\t<div class=\"elementor-element elementor-element-ea19568 elementor-widget elementor-widget-spacer\" data-id=\"ea19568\" data-element_type=\"widget\" data-widget_type=\"spacer.default\">\n\t\t\t\t<div class=\"elementor-widget-container\">\n\t\t\t\t\t\t\t<div class=\"elementor-spacer\">\n\t\t\t<div class=\"elementor-spacer-inner\"><\/div>\n\t\t<\/div>\n\t\t\t\t\t\t<\/div>\n\t\t\t\t<\/div>\n\t\t\t\t\t<\/div>\n\t\t\t\t<\/div>\n\t\t\t\t<\/div>","protected":false},"excerpt":{"rendered":"<p>Par mums Kop\u0161\u00a02003.\u00a0gada\u00a0m\u016bsu\u00a0firma\u00a0nodarbojas\u00a0ar\u00a0met\u0101la\u00a0durvju izgatavo\u0161anu un\u00a0uzst\u0101d\u012b\u0161anu. M\u016bsu\u00a0vado\u0161ie\u00a0speci\u0101listi\u00a0ar\u00a0mums\u00a0str\u0101d\u0101\u00a0jau\u00a0vair\u0101k\u00a0nek\u0101\u00a020 gadus, kop\u0161 firmas\u00a0atv\u0113r\u0161anas\u00a0un\u00a0tiek\u00a0nov\u0113rt\u0113ti\u00a0ar savu lielo pieredzi un\u00a0profesionalit\u0101ti. M\u0113s\u00a0konstru\u0113sim\u00a0un\u00a0izgatavosim\u00a0durvis\u00a0individu\u0101li\u00a0p\u0113c\u00a0j\u016bsu vajadz\u012bb\u0101m un v\u0113lm\u0113m. M\u016bsu\u00a0met\u0101la\u00a0durvis\u00a0ir\u00a0miers,\u00a0klusums un m\u0101j\u012bgums j\u016bsu m\u0101jai. Labas\u00a0durvis\u00a0nav\u00a0tikai\u00a0met\u0101la\u00a0gabals.\u00a0 T\u0101\u00a0ir\u00a0smaga\u00a0pastiprin\u0101ta\u00a0met\u0101la\u00a0konstrukcija\u00a0ar\u00a0labusiltin\u0101jumu,\u00a0trok\u0161\u0146u\u00a0izol\u0101ciju,\u00a0J\u016bsu\u00a0izv\u0113l\u0113tu\u00a0apdari\u00a0unkomplekt\u0113ta\u00a0ar\u00a0sl\u0113dzen\u0113m\u00a0p\u0113c\u00a0J\u016bsu\u00a0v\u0113l\u0113\u0161an\u0101s. K\u0101p\u0113c\u00a0izv\u0113las\u00a0Svevadu? Viet\u0113j\u0101\u00a0ra\u017eotne:\u00a0\u0101tra\u00a0pas\u016bt\u012bjumu\u00a0izpilde,\u00a0pateicoties\u00a0pa\u0161ara\u017eotnes\u00a0esam\u012bbai. Materi\u0101lu\u00a0kvalit\u0101te:\u00a0izmantojam\u00a0tikai\u00a0p\u0101rbaud\u012btus\u00a0unsertific\u0113tus\u00a0materi\u0101lus. Individu\u0101la\u00a0pieeja:\u00a0izstr\u0101d\u0101jam\u00a0konstrukcijas\u00a0p\u0113c\u00a0J\u016bsupiepras\u012bjumiem. Dro\u0161\u012bbas\u00a0garantija:\u00a0dodam\u00a0garantijas\u00a0visai\u00a0produkcijai\u00a0unpakalpojumiem. M\u0113s\u00a0Svevada\u00a0esam\u00a0p\u0101rliecin\u0101ti,\u00a0ka\u00a0katrai\u00a0deta\u013cai\u00a0ir\u00a0noz\u012bme.M\u016bsu\u00a0misija\u00a0ir\u00a0aizsarg\u0101t\u00a0j\u016bsu\u00a0komfortu\u00a0un\u00a0dro\u0161\u012bbu,\u00a0radotizstr\u0101d\u0101jumus,\u00a0kas\u00a0kalpo\u00a0ilgus\u00a0gadus. Svevada\u00a0ir\u00a0j\u016bsu\u00a0uzticams\u00a0partneris\u00a0met\u0101la\u00a0risin\u0101jumu\u00a0pasaul\u0113. Komp\u0101nija Svevada ir vado\u0161ais met\u0101la durvju ra\u017eot\u0101js Latvij\u0101. Pied\u0101v\u0101jam pla\u0161u t\u0113rauda durvju izv\u0113li p\u0113c pas\u016bt\u012bjuma: ieejas durvis dz\u012bvok\u013ciem, m\u0101j\u0101m un komerctelp\u0101m. M\u016bsu ra\u017eojumiizce\u013cas ar [&hellip;]<\/p>","protected":false},"author":1,"featured_media":0,"parent":0,"menu_order":0,"comment_status":"closed","ping_status":"closed","template":"","meta":{"_monsterinsights_skip_tracking":false,"_monsterinsights_sitenote_active":false,"_monsterinsights_sitenote_note":"","_monsterinsights_sitenote_category":0,"_joinchat":[],"footnotes":""},"class_list":["post-131","page","type-page","status-publish","hentry"],"aioseo_notices":[],"_links":{"self":[{"href":"https:\/\/svevada.lv\/ru\/wp-json\/wp\/v2\/pages\/131","targetHints":{"allow":["GET"]}}],"collection":[{"href":"https:\/\/svevada.lv\/ru\/wp-json\/wp\/v2\/pages"}],"about":[{"href":"https:\/\/svevada.lv\/ru\/wp-json\/wp\/v2\/types\/page"}],"author":[{"embeddable":true,"href":"https:\/\/svevada.lv\/ru\/wp-json\/wp\/v2\/users\/1"}],"replies":[{"embeddable":true,"href":"https:\/\/svevada.lv\/ru\/wp-json\/wp\/v2\/comments?post=131"}],"version-history":[{"count":28,"href":"https:\/\/svevada.lv\/ru\/wp-json\/wp\/v2\/pages\/131\/revisions"}],"predecessor-version":[{"id":493,"href":"https:\/\/svevada.lv\/ru\/wp-json\/wp\/v2\/pages\/131\/revisions\/493"}],"wp:attachment":[{"href":"https:\/\/svevada.lv\/ru\/wp-json\/wp\/v2\/media?parent=131"}],"curies":[{"name":"wp","href":"https:\/\/api.w.org\/{rel}","templated":true}]}}